{"id":29,"date":"2018-11-07T10:41:53","date_gmt":"2018-11-07T10:41:53","guid":{"rendered":"http:\/\/ferienwohnung-wronski.de\/?page_id=29"},"modified":"2018-12-05T17:58:18","modified_gmt":"2018-12-05T17:58:18","slug":"impressum","status":"publish","type":"page","link":"https:\/\/ferienwohnung-wronski.de\/?page_id=29","title":{"rendered":"Impressum"},"content":{"rendered":"<hr \/>\n<p><strong>Angaben gem\u00e4\u00df \u00a7 5 TMG<\/strong><br \/>Helmtraud Wronski<br \/>Ferienwohnung Wronski<br \/>G\u00fcntherallee 5<br \/>15345 Eggersdorf<\/p>\n<p>Telefon: 03341-474618<br \/>E-Mail: <a href=\"mailto:info@fewo-wronski.de\">info@fewo-wronski.de<\/a><\/p>\n<p><strong>Streitschlichtung<br \/><\/strong>Die Europ\u00e4ische Kommission stellt eine Plattform f\u00fcr die au\u00dfergerichtliche Online-Streitbeilegung (OS-Plattform) bereit, die unter <a href=\"http:\/\/www.ec.europa.eu\/consumers\/odr\">www.ec.europa.eu\/consumers\/odr<\/a> aufrufbar ist. <br \/>Unsere E-Mail-Adresse lautet info (at) fewo-wronski.de<\/p>\n\n\n<hr class=\"wp-block-separator\"\/>\n\n\n\n<div class=\"wp-block-image\"><figure class=\"aligncenter\"><img loading=\"lazy\" decoding=\"async\" width=\"245\" height=\"120\" src=\"https:\/\/ferienwohnung-wronski.de\/wp-content\/uploads\/2018\/11\/logo_fewo.gif\" alt=\"\" class=\"wp-image-12\"\/><\/figure><\/div>\n","protected":false},"excerpt":{"rendered":"<p>Angaben gem\u00e4\u00df \u00a7 5 TMGHelmtraud WronskiFerienwohnung WronskiG\u00fcntherallee 515345 Eggersdorf Telefon: 03341-474618E-Mail: info@fewo-wronski.de StreitschlichtungDie Europ\u00e4ische Kommission stellt eine Plattform f\u00fcr die au\u00dfergerichtliche Online-Streitbeilegung (OS-Plattform) bereit, die unter www.ec.europa.eu\/consumers\/odr aufrufbar ist. Unsere E-Mail-Adresse lautet info (at) fewo-wronski.de<\/p>\n","protected":false},"author":1,"featured_media":0,"parent":0,"menu_order":0,"comment_status":"closed","ping_status":"closed","template":"","meta":{"footnotes":""},"class_list":["post-29","page","type-page","status-publish","hentry"],"_links":{"self":[{"href":"https:\/\/ferienwohnung-wronski.de\/index.php?rest_route=\/wp\/v2\/pages\/29","targetHints":{"allow":["GET"]}}],"collection":[{"href":"https:\/\/ferienwohnung-wronski.de\/index.php?rest_route=\/wp\/v2\/pages"}],"about":[{"href":"https:\/\/ferienwohnung-wronski.de\/index.php?rest_route=\/wp\/v2\/types\/page"}],"author":[{"embeddable":true,"href":"https:\/\/ferienwohnung-wronski.de\/index.php?rest_route=\/wp\/v2\/users\/1"}],"replies":[{"embeddable":true,"href":"https:\/\/ferienwohnung-wronski.de\/index.php?rest_route=%2Fwp%2Fv2%2Fcomments&post=29"}],"version-history":[{"count":18,"href":"https:\/\/ferienwohnung-wronski.de\/index.php?rest_route=\/wp\/v2\/pages\/29\/revisions"}],"predecessor-version":[{"id":295,"href":"https:\/\/ferienwohnung-wronski.de\/index.php?rest_route=\/wp\/v2\/pages\/29\/revisions\/295"}],"wp:attachment":[{"href":"https:\/\/ferienwohnung-wronski.de\/index.php?rest_route=%2Fwp%2Fv2%2Fmedia&parent=29"}],"curies":[{"name":"wp","href":"https:\/\/api.w.org\/{rel}","templated":true}]}}