{"id":30,"date":"2018-11-07T10:41:53","date_gmt":"2018-11-07T10:41:53","guid":{"rendered":"http:\/\/ferienwohnung-wronski.de\/?page_id=30"},"modified":"2018-12-05T17:57:34","modified_gmt":"2018-12-05T17:57:34","slug":"datenschutz","status":"publish","type":"page","link":"https:\/\/ferienwohnung-wronski.de\/?page_id=30","title":{"rendered":"Datenschutz"},"content":{"rendered":"<hr \/>\n<p><strong>Datenschutzerkl\u00e4rung<\/strong><\/p>\n<p>Im Rahmen unserer T\u00e4tigkeit f\u00fcr Sie ist es notwendig, dass wir personenbezogene Daten erheben. Auch bei Nutzung dieser Internetseite werden Daten verarbeitet, die auf Sie beziehbar sind. Im Folgenden kl\u00e4ren wir Sie \u00fcber die Art der von uns erhobenen Daten sowie \u00fcber Umfang und Zweck der Erhebung und Verwendung Ihrer personenbezogenen Daten auf.<\/p>\n<p>Auf Anfrage Ihrerseits erteilen wir Ihnen jederzeit unentgeltlich Auskunft \u00fcber Art und Umfang der von uns gespeicherten Daten. Sie haben nach Ma\u00dfgabe der DSGVO gegebenenfalls ein Recht auf Berichtigung, L\u00f6schung oder Einschr\u00e4nkung der Verarbeitung und Daten\u00fcbertragbarkeit. Ihnen steht au\u00dferdem ein Beschwerderecht bei den Datenschutz-Aufsichtsbeh\u00f6rden zu. Bei Fragen, Auskunfts- und sonstigen Anfragen wenden Sie sich bitte an [info@fewo-wronski.de].<\/p>\n<p><strong>Verantwortlicher f\u00fcr die Datenverarbeitung gem\u00e4\u00df Art. 4 Abs. 7 EU-Datenschutzgrundverordnung (DSGVO) ist:<\/strong><br \/><strong>Helmtraud Wronski , G\u00fcntherallee 5 in 15345 Eggersdorf,<\/strong><br \/><strong>Tel: 03341-474618,<\/strong><br \/><strong>info (at) fewo-wronski.de<\/strong><\/p>\n<p>Soweit nicht nachfolgend anders angegeben besteht keine automatisierte Entscheidungsfindung unter Verwendung Ihrer personenbezogenen Daten.<\/p>\n<p><strong>1. Art und Umfang der Datenerhebung und Datennutzung<\/strong><\/p>\n<p>Die personenbezogenen Daten, die Sie uns \u00fcber das Kontaktformular oder per E-Mail oder telefonisch und im Rahmen unserer vertraglichen Beziehung mitteilen, werden gespeichert. Wir nutzen die mitgeteilten Daten zun\u00e4chst, um Ihre Anfrage zu beantworten und gegebenenfalls um pr\u00fcfen zu k\u00f6nnen, ob wir Ihnen unsere Ferienwohnung im erbetenen Zeitraum anbieten k\u00f6nnen. Unter Nutzung dieser Daten werden wir Ihre Anfrage sodann beantworten. Im Nachgang dazu nutzen wir die Daten gegebenenfalls zur Erf\u00fcllung und Abwicklung des Vertragsverh\u00e4ltnisses. Dabei \u00fcbernehmen wir die \u00fcbermittelten Daten in Papierform.<\/p>\n<p>Nach Beendigung des Vertragsverh\u00e4ltnisses werden die Daten in digitaler Form gel\u00f6scht und in Papierform aufbewahrt. Die Daten in Papierform werden nach Ablauf der steuer- und handelsrechtlichen Mindestaufbewahrungspflichten vernichtet bzw. gel\u00f6scht.<\/p>\n<p>Rechtsgrundlage f\u00fcr die Verarbeitung dieser Daten ist Art. 6 Abs. 1 lit. b DSGVO.<\/p>\n<p>Wenn Sie unsere Website betrachten, erheben wir au\u00dferdem die folgenden von ihrem Internet-Browser automatisch \u00fcbermittelten Daten, die f\u00fcr uns technisch erforderlich sind, um Ihnen unsere Website anzuzeigen und die Stabilit\u00e4t und Sicherheit zu gew\u00e4hrleisten:<\/p>\n<p>&#8211; IP-Adresse<br \/>&#8211; Datum und Uhrzeit der Anfrage<br \/>&#8211; Inhalt der Anforderung (konkrete Seite)<br \/>&#8211; Zugriffsstatus\/HTTP-Statuscodes<br \/>&#8211; jeweils \u00fcbertragene Datenmenge<br \/>&#8211; Website, von der die Anforderung (der Link) kommt<br \/>&#8211; Browser<br \/>&#8211; Betriebssystem und dessen Oberfl\u00e4che<br \/>&#8211; Sprache und Version der Browsersoftware<\/p>\n<p>Diese Daten werden nur w\u00e4hrend des Nutzungsvorgangs individuell zugeordnet und ansonsten bis statistische Auswertungen unverz\u00fcglich gel\u00f6scht, wenn Sie die Seite verlassen haben. Die statistischen Auswertungen sind einzelnen Besuchern der Internetseite nicht mehr zuzuordnen.<\/p>\n<p>Rechtsgrundlage der Verarbeitung ist Art. 6 Abs. 1 S. 1 lit. f DSGVO<\/p>\n<p><strong>2. werbliche Nutzung Ihrer personenbezogenen Daten<\/strong><\/p>\n<p>Wir werden Ihre Daten nicht zu eigenen Werbezwecken nutzen, es sei denn, Sie erteilen uns eine entsprechende Einwilligung. Rechtsgrundlage f\u00fcr die Verarbeitung Ihrer Daten ist in diesem Zusammenhang Art. 6 Abs. 1 lit. a DSGVO in Verbindung mit Ihrer Einwilligung.<\/p>\n<p><strong>3. Weitergabe Ihrer personenbezogenen Daten<\/strong><\/p>\n<p>Wir nutzen f\u00fcr die Gestaltung unserer Internetseite den Internetdienst STRATO. In diesem Zusammenhang kann es dazu kommen, dass STRATO die von uns erhobenen personenbezogenen Daten in unserem Auftrag verarbeitet. Wir haben mit STRATO eine Auftragsverarbeitungsvereinbarung geschlossen, die den Vorgaben der DSGVO entspricht.<\/p>\n<p>Im \u00dcbrigen geben wir Ihre Daten nicht an Dritte weiter, es sei denn, es ist f\u00fcr die Vertragsdurchf\u00fchrung unerl\u00e4sslich. Eine Weitergabe wird au\u00dferhalb von solchen F\u00e4llen nur erfolgen, wenn wir aufgrund eines Gesetzes oder einer gerichtlichen Anordnung dazu verpflichtet sind.<\/p>\n<p><strong>4. Cookies<\/strong><\/p>\n<p>Zus\u00e4tzlich werden bei Ihrer Nutzung unserer Website Cookies auf Ihrem Rechner gespeichert. Bei Cookies handelt es sich um kleine Textdateien, die auf Ihrer Festplatte dem von Ihnen verwendeten Browser zugeordnet gespeichert werden und durch welche der Stelle, die den Cookie setzt (hier durch uns), bestimmte Informationen zuflie\u00dfen. Durch Cookies kann der Nutzer identifiziert werden, der die Website (wieder besucht). Cookies k\u00f6nnen keine Programme ausf\u00fchren oder Viren auf Ihren Computer \u00fcbertragen. Sie dienen dazu, das Internetangebot insgesamt nutzerfreundlicher und effektiver zu machen. Die Setzung von Cookies kann mittels der Einstellungen des Browsers verhindert werden. Bereits gesetzte Cookies k\u00f6nnen jederzeit \u00fcber die Einstellungen des Browsers gel\u00f6scht werden. Hierdurch werden jedoch Funktionen unserer Internetseite ganz oder teilweise unbrauchbar. Rechtsgrundlage der Verarbeitung der Cookies ist Art. 6 Abs. 1 S. 1 lit. f DSGVO (Interesse an der Erbringung der Services dieser Internetseite).<\/p>\n\n\n<hr class=\"wp-block-separator\"\/>\n\n\n\n<div class=\"wp-block-image\"><figure class=\"aligncenter\"><img loading=\"lazy\" decoding=\"async\" width=\"245\" height=\"120\" src=\"https:\/\/ferienwohnung-wronski.de\/wp-content\/uploads\/2018\/11\/logo_fewo.gif\" alt=\"\" class=\"wp-image-12\"\/><\/figure><\/div>\n","protected":false},"excerpt":{"rendered":"<p>Datenschutzerkl\u00e4rung Im Rahmen unserer T\u00e4tigkeit f\u00fcr Sie ist es notwendig, dass wir personenbezogene Daten erheben. Auch bei Nutzung dieser Internetseite werden Daten verarbeitet, die auf Sie beziehbar sind. Im Folgenden kl\u00e4ren wir Sie \u00fcber die Art der von uns erhobenen Daten sowie \u00fcber Umfang und Zweck der Erhebung und Verwendung Ihrer personenbezogenen Daten auf. Auf &hellip; <\/p>\n<p class=\"link-more\"><a href=\"https:\/\/ferienwohnung-wronski.de\/?page_id=30\" class=\"more-link\"><span class=\"screen-reader-text\">\u201eDatenschutz\u201c<\/span> weiterlesen<\/a><\/p>\n","protected":false},"author":1,"featured_media":0,"parent":0,"menu_order":0,"comment_status":"closed","ping_status":"closed","template":"","meta":{"footnotes":""},"class_list":["post-30","page","type-page","status-publish","hentry"],"_links":{"self":[{"href":"https:\/\/ferienwohnung-wronski.de\/index.php?rest_route=\/wp\/v2\/pages\/30","targetHints":{"allow":["GET"]}}],"collection":[{"href":"https:\/\/ferienwohnung-wronski.de\/index.php?rest_route=\/wp\/v2\/pages"}],"about":[{"href":"https:\/\/ferienwohnung-wronski.de\/index.php?rest_route=\/wp\/v2\/types\/page"}],"author":[{"embeddable":true,"href":"https:\/\/ferienwohnung-wronski.de\/index.php?rest_route=\/wp\/v2\/users\/1"}],"replies":[{"embeddable":true,"href":"https:\/\/ferienwohnung-wronski.de\/index.php?rest_route=%2Fwp%2Fv2%2Fcomments&post=30"}],"version-history":[{"count":10,"href":"https:\/\/ferienwohnung-wronski.de\/index.php?rest_route=\/wp\/v2\/pages\/30\/revisions"}],"predecessor-version":[{"id":294,"href":"https:\/\/ferienwohnung-wronski.de\/index.php?rest_route=\/wp\/v2\/pages\/30\/revisions\/294"}],"wp:attachment":[{"href":"https:\/\/ferienwohnung-wronski.de\/index.php?rest_route=%2Fwp%2Fv2%2Fmedia&parent=30"}],"curies":[{"name":"wp","href":"https:\/\/api.w.org\/{rel}","templated":true}]}}