{"id":32,"date":"2018-11-07T10:41:54","date_gmt":"2018-11-07T10:41:54","guid":{"rendered":"http:\/\/ferienwohnung-wronski.de\/?page_id=32"},"modified":"2018-11-30T16:08:30","modified_gmt":"2018-11-30T16:08:30","slug":"anfahrt","status":"publish","type":"page","link":"https:\/\/ferienwohnung-wronski.de\/?page_id=32","title":{"rendered":"Anfahrt"},"content":{"rendered":"\n<hr class=\"wp-block-separator\"\/>\n\n\n\n<p><strong>Ferienwohnung Wronski<br>G\u00fcntherallee 5<br>15345 Eggersdorf<\/strong><\/p>\n\n\n\n<p><strong>Anreise mit dem Auto<\/strong><br>Von der A10 (Berliner Ring) sind Sie in 15 Minuten bei uns. \u00dcber die Abfahrt Berlin-Hellersdorf gelangen Sie auf die B1\/B5. Fahren Sie in Richtung M\u00fcncheberg\/Strausberg bis Sie nach etwa zwei Kilometern an eine Ampelkreuzung kommen. Dort biegen Sie nach links in Richtung Strausberg\/Petershagen-Eggersdorf ab.<\/p>\n\n\n\n<p>Am Kreisverkehr geradeaus und dem Stra\u00dfenverlauf folgen, bis Sie zum Abzweig Eggersdorf S\u00fcd kommen, dort links abbiegen. Folgen Sie der Vorfahrtstra\u00dfe (Sie passieren dabei einen Bahn\u00fcbergang), bis Sie auf der rechten Seite an einem Friedhof vorbeifahren. Dann biegen Sie nach links auf die Chaussee ab. Bei der n\u00e4chsten Kreuzung biegen Sie nach rechts in die H\u00e4usersiedlung ein. An der zweiten Kreuzung nach rechts in die Ludwigstra\u00dfe abbiegen. Wir warten im ersten Haus auf der linken Seite auf Sie, falls Sie uns Ihre ungef\u00e4hre Ankunftszeit mitgeteilt haben. Ein Schild mit dem Hinweis \u201eFe-Wo\u201c ist \u00fcber dem Gartenzaun angebracht. Obwohl unsere Adresse G\u00fcntheralle 5 lautet, befindet sich der Eingang in der Ludwigstra\u00dfe.<\/p>\n\n\n\n<p><strong>S-Bahn<\/strong><br>Der S-Bahnhof Petershagen Nord ist 12 Fu\u00dfminuten entfernt. Dort f\u00e4hrt alle 20 Minuten die S5 nach Berlin und Strausberg. Falls Sie vom S-Bahnhof abgeholt werden wollen, ist dies am Wochenende bzw. abends nach R\u00fccksprache m\u00f6glich.<br><a href=\"http:\/\/www.bvg.de\">Berliner Verkehrsgesellschaft &#8211; Streckennetz, Fahrplanauskunft und Tarife<\/a><br><\/p>\n\n\n\n<hr class=\"wp-block-separator\"\/>\n\n\n\n<div class=\"wp-block-image\"><figure class=\"aligncenter\"><img loading=\"lazy\" decoding=\"async\" width=\"245\" height=\"120\" src=\"https:\/\/ferienwohnung-wronski.de\/wp-content\/uploads\/2018\/11\/logo_fewo.gif\" alt=\"\" class=\"wp-image-12\"\/><\/figure><\/div>\n","protected":false},"excerpt":{"rendered":"<p>Ferienwohnung WronskiG\u00fcntherallee 515345 Eggersdorf Anreise mit dem AutoVon der A10 (Berliner Ring) sind Sie in 15 Minuten bei uns. \u00dcber die Abfahrt Berlin-Hellersdorf gelangen Sie auf die B1\/B5. Fahren Sie in Richtung M\u00fcncheberg\/Strausberg bis Sie nach etwa zwei Kilometern an eine Ampelkreuzung kommen. Dort biegen Sie nach links in Richtung Strausberg\/Petershagen-Eggersdorf ab. Am Kreisverkehr geradeaus &hellip; <\/p>\n<p class=\"link-more\"><a href=\"https:\/\/ferienwohnung-wronski.de\/?page_id=32\" class=\"more-link\"><span class=\"screen-reader-text\">\u201eAnfahrt\u201c<\/span> weiterlesen<\/a><\/p>\n","protected":false},"author":1,"featured_media":0,"parent":0,"menu_order":0,"comment_status":"closed","ping_status":"closed","template":"","meta":{"footnotes":""},"class_list":["post-32","page","type-page","status-publish","hentry"],"_links":{"self":[{"href":"https:\/\/ferienwohnung-wronski.de\/index.php?rest_route=\/wp\/v2\/pages\/32","targetHints":{"allow":["GET"]}}],"collection":[{"href":"https:\/\/ferienwohnung-wronski.de\/index.php?rest_route=\/wp\/v2\/pages"}],"about":[{"href":"https:\/\/ferienwohnung-wronski.de\/index.php?rest_route=\/wp\/v2\/types\/page"}],"author":[{"embeddable":true,"href":"https:\/\/ferienwohnung-wronski.de\/index.php?rest_route=\/wp\/v2\/users\/1"}],"replies":[{"embeddable":true,"href":"https:\/\/ferienwohnung-wronski.de\/index.php?rest_route=%2Fwp%2Fv2%2Fcomments&post=32"}],"version-history":[{"count":7,"href":"https:\/\/ferienwohnung-wronski.de\/index.php?rest_route=\/wp\/v2\/pages\/32\/revisions"}],"predecessor-version":[{"id":289,"href":"https:\/\/ferienwohnung-wronski.de\/index.php?rest_route=\/wp\/v2\/pages\/32\/revisions\/289"}],"wp:attachment":[{"href":"https:\/\/ferienwohnung-wronski.de\/index.php?rest_route=%2Fwp%2Fv2%2Fmedia&parent=32"}],"curies":[{"name":"wp","href":"https:\/\/api.w.org\/{rel}","templated":true}]}}