{"id":33,"date":"2018-11-07T10:41:54","date_gmt":"2018-11-07T10:41:54","guid":{"rendered":"http:\/\/ferienwohnung-wronski.de\/?page_id=33"},"modified":"2025-10-06T17:02:50","modified_gmt":"2025-10-06T17:02:50","slug":"preise","status":"publish","type":"page","link":"https:\/\/ferienwohnung-wronski.de\/?page_id=33","title":{"rendered":"Preise"},"content":{"rendered":"\n<hr class=\"wp-block-separator has-css-opacity\"\/>\n\n\n\n<p><strong>Preis f\u00fcr 2 Personen pro Nacht<\/strong><\/p>\n\n\n\n<figure class=\"wp-block-table is-style-stripes\"><table><tbody><tr><td><\/td><td>01.01. bis 30.04.<\/td><td>01.05. bis 31.08.*<\/td><td>01.09. bis 31.12.<\/td><\/tr><tr><td><\/td><td>Nebensaison<\/td><td>Hauptsaison<\/td><td>Nebensaison<\/td><\/tr><tr><td>1. Tag<\/td><td>85,- \u20ac<\/td><td>95,- \u20ac<\/td><td>85,- \u20ac<\/td><\/tr><tr><td>jeder weitere<br>Tag<\/td><td>60,- \u20ac<\/td><td>70,- \u20ac<\/td><td>60,- \u20ac<\/td><\/tr><\/tbody><\/table><\/figure>\n\n\n\n<p>*an gesetzl. Feiertagen, Ostern, Pfingsten, Weihnachten und Silvester gelten die Preise der Hauptsaison<\/p>\n\n\n\n<p><strong>Aufbettung pro Nacht<\/strong><br>5,- \u20ac pro Kind (1 bis 16 J.)<br>30,- \u20ac pro Erwachsenem (In der Hauptsaison 35,- \u20ac)<\/p>\n\n\n\n<ul class=\"wp-block-list\">\n<li>Kinder bis zum 1. Geburtstag ohne Berechnung<\/li>\n\n\n\n<li>Kindererm\u00e4\u00dfigung \u2013 ganzj\u00e4hrig, aber nur bei zwei Vollzahlern<\/li>\n\n\n\n<li>Im Preis enthalten sind alle Nebenkosten f\u00fcr Endreinigung, Strom,<br>Wasser, Heizung, Bettw\u00e4sche und Handt\u00fccher.<\/li>\n<\/ul>\n\n\n\n<hr class=\"wp-block-separator has-css-opacity\"\/>\n\n\n<div class=\"wp-block-image\">\n<figure class=\"aligncenter\"><img loading=\"lazy\" decoding=\"async\" width=\"245\" height=\"120\" src=\"https:\/\/ferienwohnung-wronski.de\/wp-content\/uploads\/2018\/11\/logo_fewo.gif\" alt=\"\" class=\"wp-image-12\"\/><\/figure>\n<\/div>","protected":false},"excerpt":{"rendered":"<p>Preis f\u00fcr 2 Personen pro Nacht 01.01. bis 30.04. 01.05. bis 31.08.* 01.09. bis 31.12. Nebensaison Hauptsaison Nebensaison 1. Tag 85,- \u20ac 95,- \u20ac 85,- \u20ac jeder weitereTag 60,- \u20ac 70,- \u20ac 60,- \u20ac *an gesetzl. Feiertagen, Ostern, Pfingsten, Weihnachten und Silvester gelten die Preise der Hauptsaison Aufbettung pro Nacht5,- \u20ac pro Kind (1 bis &hellip; <\/p>\n<p class=\"link-more\"><a href=\"https:\/\/ferienwohnung-wronski.de\/?page_id=33\" class=\"more-link\"><span class=\"screen-reader-text\">\u201ePreise\u201c<\/span> weiterlesen<\/a><\/p>\n","protected":false},"author":1,"featured_media":0,"parent":0,"menu_order":0,"comment_status":"closed","ping_status":"closed","template":"","meta":{"footnotes":""},"class_list":["post-33","page","type-page","status-publish","hentry"],"_links":{"self":[{"href":"https:\/\/ferienwohnung-wronski.de\/index.php?rest_route=\/wp\/v2\/pages\/33","targetHints":{"allow":["GET"]}}],"collection":[{"href":"https:\/\/ferienwohnung-wronski.de\/index.php?rest_route=\/wp\/v2\/pages"}],"about":[{"href":"https:\/\/ferienwohnung-wronski.de\/index.php?rest_route=\/wp\/v2\/types\/page"}],"author":[{"embeddable":true,"href":"https:\/\/ferienwohnung-wronski.de\/index.php?rest_route=\/wp\/v2\/users\/1"}],"replies":[{"embeddable":true,"href":"https:\/\/ferienwohnung-wronski.de\/index.php?rest_route=%2Fwp%2Fv2%2Fcomments&post=33"}],"version-history":[{"count":42,"href":"https:\/\/ferienwohnung-wronski.de\/index.php?rest_route=\/wp\/v2\/pages\/33\/revisions"}],"predecessor-version":[{"id":338,"href":"https:\/\/ferienwohnung-wronski.de\/index.php?rest_route=\/wp\/v2\/pages\/33\/revisions\/338"}],"wp:attachment":[{"href":"https:\/\/ferienwohnung-wronski.de\/index.php?rest_route=%2Fwp%2Fv2%2Fmedia&parent=33"}],"curies":[{"name":"wp","href":"https:\/\/api.w.org\/{rel}","templated":true}]}}