{"id":34,"date":"2018-11-07T10:41:54","date_gmt":"2018-11-07T10:41:54","guid":{"rendered":"http:\/\/ferienwohnung-wronski.de\/?page_id=34"},"modified":"2025-10-06T17:04:14","modified_gmt":"2025-10-06T17:04:14","slug":"ausfluege","status":"publish","type":"page","link":"https:\/\/ferienwohnung-wronski.de\/?page_id=34","title":{"rendered":"Ausfl\u00fcge"},"content":{"rendered":"\n<p><hr>\n<p>Von Eggersdorf aus lassen sich sowohl Berlin als auch Ostbrandenburg leicht erkunden. Im Folgenden finden Sie einige Anregungen f\u00fcr Ausfl\u00fcge.<\/p><\/p>\n\n\n\n<hr class=\"wp-block-separator has-css-opacity\"\/>\n\n\n\n<p><strong>Bitte w\u00e4hlen Sie ein Themengebiet, um sich Ausflugsanregungen anzeigen zu lassen.<\/strong><\/p>\n\n\n\n<ul class=\"wp-block-list\">\n<li><a href=\"#Stadt\">St\u00e4dte<\/a><\/li>\n\n\n\n<li><a href=\"#Landschaften\">Landschaften<\/a><\/li>\n\n\n\n<li><a href=\"#Sehenswuerdigkeiten\">Sehensw\u00fcrdigkeiten<\/a><\/li>\n\n\n\n<li><a href=\"#Tour\">Touren<\/a><\/li>\n<\/ul>\n\n\n\n<hr class=\"wp-block-separator has-css-opacity\"\/>\n\n\n\n<p class=\"has-vivid-green-cyan-color has-text-color\"><a name=\"Stadt\"><\/a><strong>St\u00e4dte<\/strong><\/p>\n\n\n\n<p><strong>Berlin<\/strong><br>Berlin bietet jede Menge und f\u00fcr jeden das Richtige: kindgerechte Aktivit\u00e4ten f\u00fcr Familien, Museen, Konzerte und Ausstellungen f\u00fcr Kulturinteressierte, ein aufregendes Nachtleben f\u00fcr Junge und Junggebliebene und Sightseeing und Shopping f\u00fcr alle. Am besten Sie lassen sich <a href=\"http:\/\/www.berlin-tourist-information.de\/\">hier<\/a>&nbsp;inspirieren. Auch unter <a href=\"http:\/\/www.stadtrundfahrt.com\/berlin\">Stadtrundfahrt<\/a> finden Sie vielf\u00e4ltige Freizeitm\u00f6glichkeiten.<\/p>\n\n\n\n<p><strong>Potsdam<\/strong><br>Potsdam ist die ehemalige Sommerresidenz der preu\u00dfischen K\u00f6nige und Kaiser. Davon zeugt noch heute das prachtvolle <a href=\"http:\/\/www.spsg.de\/index.php?id=163\">Schloss Sanssouci<\/a> mit seiner wundersch\u00f6nen Parkanlage. Das Ensemble z\u00e4hlt zum Weltkulturerbe der Unesco. Einen Besuch wert ist auf jeden Fall der <a href=\"http:\/\/www.filmpark-babelsberg.de\/\">Filmpark Babelsberg<\/a> vor den Toren der Stadt. Dort gew\u00e4hren die Babelsberger Filmstudios einen Blick hinter die Kulissen. Stuntshow, Filmtiershow und 4D-Actionkino sind nur einige der Highlights. Weitere Sehensw\u00fcrdigkeiten in Potsdam finden Sie <a href=\"http:\/\/www.potsdam.de\">hier<\/a>.<\/p>\n\n\n\n<p><strong>Strausberg<\/strong><br>Die Kleinstadt Strausberg ist nur acht Kilometer bzw. drei S-Bahn-Stationen entfernt. Sie liegt direkt am Straussee, wo es sich im Sommer herrlich baden oder Boot fahren l\u00e4sst. In der N\u00e4he des Freibads mit Rutsche und Sprungturm \u00fcberquert eine elektrisch betriebene Seilf\u00e4hre den See, an dem Sie auch wunderbar wandern oder radeln k\u00f6nnen. Im Winter k\u00f6nnen sich Wasserratten im <a href=\"https:\/\/www.strausberger-baeder.de\/\">Strausbad <\/a>vergn\u00fcgen. Jede Menge Veranstaltungen, darunter Kinovorf\u00fchrungen, Ausstellungen und Konzerte finden Sie <a href=\"http:\/\/www.strausberg-live.de\/\">hier<\/a>.<\/p>\n\n\n\n<p><strong>Buckow<\/strong><br>Buckow liegt etwa 20 Kilometer entfernt von Eggersdorf im Naturpark M\u00e4rkische Schweiz und ist der einzige staatlich anerkannte Kneippkurort im Land Brandenburg. Die malerische Kleinstadt eignet sich hervorragend als Ziel f\u00fcr eine Radtour. Sehenswert f\u00fcr Besucher sind die Villen aus der Zeit um 1900, der Jugendstilturm im Zentrum, die oft zerst\u00f6rte und immer wieder aufgebaute Stadtkirche sowie der Stadtpark. In Buckow lebten Bertolt Brecht und Helene Weigel und eine st\u00e4ndige Ausstellung im <a href=\"http:\/\/www.brechtweigelhaus.de\/\">Brecht-Weigel-Haus<\/a> informiert \u00fcber Leben und Werk der beiden K\u00fcnstler. Buckow hat au\u00dferdem ein <a href=\"http:\/\/www.kino-buckow.de\/\">Kino<\/a>.<\/p>\n\n\n\n<hr class=\"wp-block-separator has-css-opacity\"\/>\n\n\n\n<p class=\"has-vivid-green-cyan-color has-text-color\"><a name=\"Landschaften\"><\/a><strong>Landschaften<\/strong><\/p>\n\n\n\n<p><strong>M\u00e4rkische Schweiz<\/strong><br>Der Naturpark M\u00e4rkische Schweiz macht mit seiner h\u00fcgeligen Landschaft seinem Namen alle Ehre. Im Zentrum der beliebten Urlaubsregion liegt der Kneippkurort Buckow. Am Scherm\u00fctzelsee kann man herrlich baden, Boot fahren oder wandern.<\/p>\n\n\n\n<p><strong>Blumenthaler Forst<\/strong><br>Kaum ein Wald Brandenburgs ist so reizvoll wie der Blumenthaler Forst, der sich von Leuenberg bis Gielsdorf und von Pr\u00f6tzel bis Tiefensee erstreckt. Eingeschlossene kleine Seen, lichte Schonungen sowie undurchdringliches Dickicht haben schon Theodor Fontane auf seinen Reisen begeistert. Der Name des 3,5 Hektar gro\u00dfen Forsts ist auf das Bl\u00fchen eines artenreichen Blumenbestandes zur\u00fcckzuf\u00fchren. Maigl\u00f6ckchen, Glockenblumen, kleine Wiesenrauten und viele Ginsterb\u00fcsche bl\u00fchen \u00fcberall im Wald. Zur Pilzzeit wachsen Maronen, Steinpilze und eine Vielzahl anderer Pilzarten.<\/p>\n\n\n\n<p><strong>Oderbruch<\/strong><br>Das Oderbruch ist eine Urstromtalniederung und der \u00f6stlichste Landstrich Deutschlands. \u00c4cker, Wiesen und Baumgruppen sowie Wasserl\u00e4ufe bestimmen die Landschaft. Heute ist das Oderbruch mit seinen zahlreichen Oderarmen und Seen sowie den Trockengebieten idealer Lebensraum f\u00fcr eine artenreiche Tierwelt. Eine botanische Besonderheit bietet das Naturschutzgebiet Pontische H\u00e4nge bei Mallnow (Lebus) mit den H\u00e4ngen voller Adonisr\u00f6schen im Fr\u00fchjahr. Das Oderbruch ist auch Durchzugs- und Rastgebiet zahlreicher Vogelarten. Gef\u00fchrte Rad-, Wander- oder Kanutouren und weitere Ausflugstipps finden Sie <a href=\"http:\/\/www.oderbruch-tourismus.de\/\">hier<\/a>.<\/p>\n\n\n\n<p><strong>Spreewald<\/strong><br>Der Spreewald ist nur etwa eine Autostunde entfernt. Das urw\u00fcchsige Binnendelta mit seinem Hunderte Kilometer in sich verzweigten Wasserwegenetz ist seit 1991 ein UNESCO Biosph\u00e4renreservat. Dort kann man sich von Fachleuten im Kahn staken lassen oder selbst ein Boot ausleihen. Und nicht vergessen: unbedingt die ber\u00fchmte saure Gurke kosten. Weitere Infos zum Spreewald finden Sie <a href=\"http:\/\/www.spreewald.de\/\">hier<\/a>.<\/p>\n\n\n\n<p><strong>Biosph\u00e4renreservat Schorfheide-Chorin<\/strong><br>Das <a href=\"https:\/\/www.schorfheide-chorin-biosphaerenreservat.de\/\">Biosph\u00e4renreservat Schorheide-Chorin<\/a> ist das gr\u00f6\u00dfte zusammenh\u00e4ngende Waldgebiet Brandenburgs und mit seinen 1258 km2 das zweitgr\u00f6\u00dfte Schutzgebiet Deutschlands. Dort gibt es Mischw\u00e4lder satt, gef\u00e4hrdete Pflanzen wie Sonnentau und Orchideen und etwa 230 Seen, darunter der 13 km lange Werbellinsee. Im <a href=\"https:\/\/www.wildpark-schorfheide.de\/de\/\">Wildpark<\/a> Schorfheide bei Gro\u00df Sch\u00f6nebeck sind Tierarten zu erleben, die in der Schorfheide heimisch sind oder es fr\u00fcher einmal waren. Dazu z\u00e4hlen Fischotter, Rotwild, Wolf, Wisent und Elch.<\/p>\n\n\n\n<hr class=\"wp-block-separator has-css-opacity\"\/>\n\n\n\n<p class=\"has-vivid-green-cyan-color has-text-color\"><a name=\"Sehenswuerdigkeiten\"><\/a><strong>Sehensw\u00fcrdigkeiten<\/strong><\/p>\n\n\n\n<p><strong>Schiffshebewerk Niederfinow<\/strong><br>Das Schiffshebewerk am Oder-Havel-Kanal bei Niederfinow \u00fcberwindet einen H\u00f6henunterschied von 36 Metern und ist damit Europas gr\u00f6\u00dfter Schifffahrstuhl. Das 1934 erbaute Hebewerk tr\u00e4gt die Auszeichnung &#8222;Historisches Wahrzeichen der Ingenieurbaukunst in Deutschland&#8220;. Besucher k\u00f6nnen auf die Galerie des technischen Denkmals klettern oder eine Schifffahrt buchen und selbst dabei sein, wenn ein Schiff nach oben oder unten bef\u00f6rdert wird. \u00d6ffnungszeiten und Eintrittspreise <a href=\"http:\/\/www.schiffshebewerk-niederfinow.info\/\">hier<\/a>.<\/p>\n\n\n\n<p><strong>Museumspark R\u00fcdersdorf<\/strong><br>Fahren Sie mit dem Landrover durch das 240 Millionen Jahre alte Kalksteinmeer in R\u00fcdersdorf. Der Fahrer erl\u00e4utert die Geschichte und Gegenwart des noch aktiven Tagebaus. Durch den Kalkabbau \u00fcber Jahrhunderte ist in R\u00fcdersdorf der gr\u00f6\u00dfte geologische Aufschluss Norddeutschlands mit einer L\u00e4nge von vier Kilometern und einer Breite von zwei Kilometern entstanden. Der Muschelkalk enth\u00e4lt zahlreiche Fossilien und Minerale, unter anderem Versteinerungen von Saurierknochen und Haifischz\u00e4hne. Mehr Informationen zum Museumspark und seinem vielf\u00e4ltigen Angebot erfahren Sie <a href=\"http:\/\/www.museumspark.de\/\">hier<\/a>.<\/p>\n\n\n\n<p><strong>Pyramide Garzau<\/strong><br>Graf von Schmettau lie\u00df im Park seines Schlosses Garzau 1784 eine <a href=\"http:\/\/www.pyramide.garzau.de\/\">Pyramide<\/a> aus Feldsteinen errichten, die sp\u00e4ter als sein Mausoleum dienen sollte. Die Pyramide wurde jedoch nie als Mausoleum genutzt, da Graf Schmettau 1804 Garzau wieder verkaufte. Die Pyramide verfiel. Ein F\u00f6rderverein hat die \u00fcberwucherte Ruine in den Jahren 2001 bis 2010 wieder aufgebaut. Sie eignet sich wunderbar als Ziel f\u00fcr eine Radtour.<\/p>\n\n\n\n<p><strong>Schloss Neuhardenberg<\/strong><br>Nach seiner Renovierung wurde das aus dem 18. Jahrhundert stammende Schloss Neuhardenberg 2002 wiederer\u00f6ffnet. Im Sommer (w\u00e4hrend der Geltungsdauer der Sommerzeit) kann das Schloss sonntags besichtigt werden. In den angrenzenden Geb\u00e4uden sind ein Hotel, zwei Restaurants, Ausstellungs- und Veranstaltungsr\u00e4ume untergebracht. In der Zeit von M\u00e4rz bis November finden Theaterveranstaltungen, Konzerte, Lesungen, Konferenzen und Debatten statt. Weitere Infos finden Sie <a href=\"http:\/\/www.schlossneuhardenberg.de\/\">hier<\/a>.<\/p>\n\n\n\n<p><strong>Galopprennbahn Hoppegarten<\/strong><br>An den Renntagen lockt die Galopprennbahn Hoppegarten Besucher aus allen Teilen der Bundesrepublik an. Dar\u00fcber hinaus k\u00f6nnen die Damen auch bei Konzerten der Eventreihe Open Air Klassik ihre schicken H\u00fcte ausf\u00fchren. Renntermine, Eintrittspreise und weitere Veranstaltungen finden Sie <a href=\"http:\/\/www.galopprennbahn-hoppegarten.de\/\">hier<\/a>.<\/p>\n\n\n\n<p><strong>Kloster Chorin<\/strong><br>Das <a href=\"http:\/\/www.kloster-chorin.info\/\">Kloster Chorin<\/a> ist ein Juwel norddeutscher Backsteingotik. Zisterzienser haben das askanische Hauskloster zwischen 1273 und 1334 erbaut. Besichtigungen sind ganzj\u00e4hrig m\u00f6glich. F\u00fcr Gruppen ab zehn Personen werden nach vorheriger Anmeldung auch F\u00fchrungen angeboten. \u00dcberaus begehrt sind Karten f\u00fcr die allj\u00e4hrlich stattfindenden Konzerte des <a href=\"http:\/\/www.choriner-musiksommer.de\/\">Choriner Musiksommers<\/a>.<\/p>\n\n\n\n<hr class=\"wp-block-separator has-css-opacity\"\/>\n\n\n\n<p class=\"has-vivid-green-cyan-color has-text-color\"><a name=\"Tour\"><\/a><strong>Touren<\/strong><\/p>\n\n\n\n<p><strong>Museumspark R\u00fcdersdorf<\/strong><br>Fahren Sie mit dem Landrover durch das 240 Millionen Jahre alte Kalksteinmeer in R\u00fcdersdorf. Der Fahrer erl\u00e4utert die Geschichte und Gegenwart des noch aktiven Tagebaus. Durch den Kalkabbau \u00fcber Jahrhunderte ist in R\u00fcdersdorf der gr\u00f6\u00dfte geologische Aufschluss Norddeutschlands mit einer L\u00e4nge von vier Kilometern und einer Breite von zwei Kilometern entstanden. Weitere Informationen <a href=\"http:\/\/www.museumspark.de\/\">hier<\/a>.<\/p>\n\n\n\n<p><strong>Rundgang mit dem Nachtw\u00e4chter in Altlandsberg<\/strong><br>Der Altlandsberger Nachtw\u00e4chter f\u00fchrt in der Sommersaison durch das markgr\u00e4fliche St\u00e4dtchen vor den Toren Berlins.<\/p>\n\n\n\n<p><strong>Draisinenbahn<\/strong><br>Ausfl\u00fcgler k\u00f6nnen in Brandenburg verschiedene ehemalige Bahnstrecken mit der Draisine befahren. Die Strecke <a href=\"http:\/\/www.draisinenbahn.de\/\">Tiefensee &#8211; Sternebeck<\/a> hat Tiefensee als Ausgangs- und Endpunkt. Auf den dort eingesetzten Fahrraddraisinen finden bis zu vier Personen Platz.<br>F\u00fcr die Erkundung der 28 Kilometer langen Strecke <a href=\"http:\/\/www.draisine.com\/docs\/deutsch\/home\/index.html\">Templin &#8211; F\u00fcrstenberg\/Havel<\/a> sind Fahrraddraisinen im Einsatz, die f\u00fcr drei Erwachsene oder zwei Erwachsene und bis zu zwei Kinder konzipiert sind. Eine rollstuhlgerechte Draisine kann ebenfalls ausgeliehen werden.<\/p>\n\n\n\n<p><strong>Rundfl\u00fcge und Ostsee-Taxi<\/strong><br>Vom Flugplatz Strausberg aus starten Rundfl\u00fcge \u00fcber Berlin und Brandenburg sowie Shuttle-Fl\u00fcge zur Ostsee &#8211; in 50 Minuten sind Sie in Heringsdorf, in 75 Minuten auf R\u00fcgen. Anbieter sind zum Beispiel die Flugschule <a href=\"https:\/\/arrow-airservice.com\/language\/de\/\">Arrow Airservice<\/a> und <a href=\"http:\/\/www.lts-lufttaxi.de\/\">LTS Flugdienste<\/a>.<\/p>\n\n\n\n<p><p><strong>Ballonfahrten<\/strong><br>Von M\u00e4rz bis Oktober bietet <a href=\"https:\/\/www.ballon-tours.de\/\">Fun Ballooning<\/a> in M\u00fcncheberg Ballonfahrten f\u00fcr bis zu sechs Personen an.<\/p>\n<hr><\/p>\n\n\n\n<p><img loading=\"lazy\" decoding=\"async\" class=\"size-full wp-image-12 aligncenter\" src=\"https:\/\/ferienwohnung-wronski.de\/wp-content\/uploads\/2018\/11\/logo_fewo.gif\" alt=\"\" width=\"245\" height=\"120\" \/><\/p>\n","protected":false},"excerpt":{"rendered":"<p>Von Eggersdorf aus lassen sich sowohl Berlin als auch Ostbrandenburg leicht erkunden. Im Folgenden finden Sie einige Anregungen f\u00fcr Ausfl\u00fcge. Bitte w\u00e4hlen Sie ein Themengebiet, um sich Ausflugsanregungen anzeigen zu lassen. St\u00e4dte BerlinBerlin bietet jede Menge und f\u00fcr jeden das Richtige: kindgerechte Aktivit\u00e4ten f\u00fcr Familien, Museen, Konzerte und Ausstellungen f\u00fcr Kulturinteressierte, ein aufregendes Nachtleben f\u00fcr &hellip; <\/p>\n<p class=\"link-more\"><a href=\"https:\/\/ferienwohnung-wronski.de\/?page_id=34\" class=\"more-link\"><span class=\"screen-reader-text\">\u201eAusfl\u00fcge\u201c<\/span> weiterlesen<\/a><\/p>\n","protected":false},"author":1,"featured_media":0,"parent":0,"menu_order":0,"comment_status":"closed","ping_status":"closed","template":"","meta":{"footnotes":""},"class_list":["post-34","page","type-page","status-publish","hentry"],"_links":{"self":[{"href":"https:\/\/ferienwohnung-wronski.de\/index.php?rest_route=\/wp\/v2\/pages\/34","targetHints":{"allow":["GET"]}}],"collection":[{"href":"https:\/\/ferienwohnung-wronski.de\/index.php?rest_route=\/wp\/v2\/pages"}],"about":[{"href":"https:\/\/ferienwohnung-wronski.de\/index.php?rest_route=\/wp\/v2\/types\/page"}],"author":[{"embeddable":true,"href":"https:\/\/ferienwohnung-wronski.de\/index.php?rest_route=\/wp\/v2\/users\/1"}],"replies":[{"embeddable":true,"href":"https:\/\/ferienwohnung-wronski.de\/index.php?rest_route=%2Fwp%2Fv2%2Fcomments&post=34"}],"version-history":[{"count":51,"href":"https:\/\/ferienwohnung-wronski.de\/index.php?rest_route=\/wp\/v2\/pages\/34\/revisions"}],"predecessor-version":[{"id":339,"href":"https:\/\/ferienwohnung-wronski.de\/index.php?rest_route=\/wp\/v2\/pages\/34\/revisions\/339"}],"wp:attachment":[{"href":"https:\/\/ferienwohnung-wronski.de\/index.php?rest_route=%2Fwp%2Fv2%2Fmedia&parent=34"}],"curies":[{"name":"wp","href":"https:\/\/api.w.org\/{rel}","templated":true}]}}